{"id":432,"date":"2013-05-23T11:00:57","date_gmt":"2013-05-23T10:00:57","guid":{"rendered":"http:\/\/localhost:8888\/?page_id=432"},"modified":"2025-01-31T11:56:19","modified_gmt":"2025-01-31T10:56:19","slug":"contact","status":"publish","type":"page","link":"https:\/\/www.labaiedeslivres.com\/?page_id=432","title":{"rendered":"Contact"},"content":{"rendered":"<p><img loading=\"lazy\" decoding=\"async\" class=\"alignnone size-medium wp-image-1037\" src=\"https:\/\/www.labaiedeslivres.com\/wp-content\/uploads\/2013\/05\/logo_baie_des_livres-vecto-300x289.jpg\" alt=\"baie des livres\" width=\"96\" height=\"92\" srcset=\"https:\/\/www.labaiedeslivres.com\/wp-content\/uploads\/2013\/05\/logo_baie_des_livres-vecto-300x289.jpg 300w, https:\/\/www.labaiedeslivres.com\/wp-content\/uploads\/2013\/05\/logo_baie_des_livres-vecto-1024x986.jpg 1024w, https:\/\/www.labaiedeslivres.com\/wp-content\/uploads\/2013\/05\/logo_baie_des_livres-vecto.jpg 1407w\" sizes=\"auto, (max-width: 96px) 100vw, 96px\" \/><br \/>T\u00e9l\u00e9chargez le bulletin d&rsquo;adh\u00e9sion \u00e0 l&rsquo;association <a href=\"https:\/\/www.labaiedeslivres.com\/wp-content\/uploads\/2025\/01\/Bulletin_adhesion-2025.pdf\">ici<\/a><br \/><a title=\"Espace m\u00e9diath\u00e8que\" href=\"labaiedeslivres@gmail.com\">labaiedeslivres(at)gmail.com<\/a><\/p>\n<p>Association la Baie des Livres<br \/>1, place de la Barri\u00e8re \u2013 29600 Saint-Martin-des-Champs<\/p>\n<p><a href=\"https:\/\/www.facebook.com\/LaBaieDesLivres\" target=\"_blank\" rel=\"noopener noreferrer\">https:\/\/www.facebook.com\/LaBaieDesLivres<\/a><\/p>\n<p><a href=\"https:\/\/www.instagram.com\/baiedeslivres\/\">https:\/\/www.instagram.com\/baiedeslivres\/<\/a><\/p>\n<p>Pour \u00eatre b\u00e9n\u00e9vole pendant le salon (cr\u00e9neau de 2h) : c&rsquo;est ici ou l\u00e0 <a href=\"https:\/\/www.labaiedeslivres.com\/wp-content\/uploads\/2024\/11\/fiche-inscription-benevoles-2024.pdf\">en pdf\u00a0<\/a><br \/><strong>Merci pour votre soutien !<\/strong><\/p>\n\n\n<blockquote class=\"wp-block-quote is-layout-flow wp-block-quote-is-layout-flow\">\n<p><\/p>\n<\/blockquote>\n\n\n\n<p><\/p>\n","protected":false},"excerpt":{"rendered":"<p>T\u00e9l\u00e9chargez le bulletin d&rsquo;adh\u00e9sion \u00e0 l&rsquo;association icilabaiedeslivres(at)gmail.com Association la Baie des Livres1, place de la Barri\u00e8re \u2013 29600 Saint-Martin-des-Champs https:\/\/www.facebook.com\/LaBaieDesLivres https:\/\/www.instagram.com\/baiedeslivres\/ Pour \u00eatre b\u00e9n\u00e9vole pendant le salon (cr\u00e9neau de 2h) : c&rsquo;est ici ou l\u00e0&#8230;<\/p>\n","protected":false},"author":1,"featured_media":0,"parent":0,"menu_order":2,"comment_status":"open","ping_status":"open","template":"page-template-wide.php","meta":{"footnotes":""},"class_list":["post-432","page","type-page","status-publish","hentry"],"_links":{"self":[{"href":"https:\/\/www.labaiedeslivres.com\/index.php?rest_route=\/wp\/v2\/pages\/432","targetHints":{"allow":["GET"]}}],"collection":[{"href":"https:\/\/www.labaiedeslivres.com\/index.php?rest_route=\/wp\/v2\/pages"}],"about":[{"href":"https:\/\/www.labaiedeslivres.com\/index.php?rest_route=\/wp\/v2\/types\/page"}],"author":[{"embeddable":true,"href":"https:\/\/www.labaiedeslivres.com\/index.php?rest_route=\/wp\/v2\/users\/1"}],"replies":[{"embeddable":true,"href":"https:\/\/www.labaiedeslivres.com\/index.php?rest_route=%2Fwp%2Fv2%2Fcomments&post=432"}],"version-history":[{"count":32,"href":"https:\/\/www.labaiedeslivres.com\/index.php?rest_route=\/wp\/v2\/pages\/432\/revisions"}],"predecessor-version":[{"id":5932,"href":"https:\/\/www.labaiedeslivres.com\/index.php?rest_route=\/wp\/v2\/pages\/432\/revisions\/5932"}],"wp:attachment":[{"href":"https:\/\/www.labaiedeslivres.com\/index.php?rest_route=%2Fwp%2Fv2%2Fmedia&parent=432"}],"curies":[{"name":"wp","href":"https:\/\/api.w.org\/{rel}","templated":true}]}}