{"id":3995,"date":"2021-02-19T10:47:43","date_gmt":"2021-02-19T09:47:43","guid":{"rendered":"http:\/\/www.labaiedeslivres.com\/?page_id=3995"},"modified":"2022-09-28T19:43:42","modified_gmt":"2022-09-28T18:43:42","slug":"les-projets-passes","status":"publish","type":"page","link":"https:\/\/www.labaiedeslivres.com\/?page_id=3995","title":{"rendered":"Les projets pass\u00e9s&#8230;"},"content":{"rendered":"\n<blockquote class=\"wp-block-quote is-layout-flow wp-block-quote-is-layout-flow\"><p>Beaucoup de choses ont \u00e9t\u00e9 faites au cours des ann\u00e9es pass\u00e9es, tentons d\u00e9sormais d&rsquo;en garder une trace  ! Si les liens sont inactifs ou si vous souhaitez ajouter des choses, merci de nous contacter par mail<\/p><\/blockquote>\n\n\n\n<h2 class=\"wp-block-heading\">9\u00e8 \u00e9dition 2020 \u00ab\u00a0Far West\u00a0\u00bb <\/h2>\n\n\n\n<ul class=\"wp-block-list\"><li>Une<a rel=\"noreferrer noopener\" href=\"https:\/\/www.pearltrees.com\/far_west_baiedeslivres\" target=\"_blank\"> s\u00e9lection collaborative<\/a>  sur le th\u00e8me de Far West<\/li><\/ul>\n\n\n<p><img loading=\"lazy\" decoding=\"async\" class=\"alignleft size-medium wp-image-4029\" src=\"https:\/\/www.labaiedeslivres.com\/wp-content\/uploads\/2021\/03\/Geof-Darrow_LOW-300x252.jpg\" alt=\"\" width=\"300\" height=\"252\" srcset=\"https:\/\/www.labaiedeslivres.com\/wp-content\/uploads\/2021\/03\/Geof-Darrow_LOW-300x252.jpg 300w, https:\/\/www.labaiedeslivres.com\/wp-content\/uploads\/2021\/03\/Geof-Darrow_LOW-1024x861.jpg 1024w, https:\/\/www.labaiedeslivres.com\/wp-content\/uploads\/2021\/03\/Geof-Darrow_LOW-1536x1292.jpg 1536w, https:\/\/www.labaiedeslivres.com\/wp-content\/uploads\/2021\/03\/Geof-Darrow_LOW-2048x1722.jpg 2048w\" sizes=\"auto, (max-width: 300px) 100vw, 300px\" \/>Le th\u00e8me de Far-West a inspir\u00e9 les \u00e9l\u00e8ves de la classe Diwan Saint-Pol, et le dernier num\u00e9ro de la revue en breton Rouzig (\u00e9d KVB)&nbsp;publie l&rsquo;histoire qui est n\u00e9e de ce projet, illustr\u00e9e par Julien Lamanda ! Vous pouvez la commander <a href=\"https:\/\/tinyurl.com\/rouzig-abo\">ici<\/a><\/p>\n\n\n<p>Les&nbsp;<a rel=\"noreferrer noopener\" href=\"https:\/\/questcequetu.blogspot.com\/2021\/01\/la-baie-des-livres-3.html\" target=\"_blank\"><em>livres-paysages<\/em>&nbsp;<\/a>de la classe de Kathy Veillon, cr\u00e9ation avec Emmanuelle Bastien des CE1-CE2 de l&rsquo;\u00e9cole Jacques-Yves Cousteau \u00e0 Saint-Eutrope<\/p>\n\n\n\n<p>Les \u00e9l\u00e8ves de Perharidy lisent et rencontrent Valentine Goby <a rel=\"noreferrer noopener\" href=\"https:\/\/www.college-perharidy-roscoff.ac-rennes.fr\/spip.php?article1228\" data-type=\"URL\" data-id=\"https:\/\/www.college-perharidy-roscoff.ac-rennes.fr\/spip.php?article1228\" target=\"_blank\">ICI<\/a><\/p>\n\n\n\n<p>La <em><a rel=\"noreferrer noopener\" href=\"https:\/\/www.labaiedeslivres.com\/wp-content\/uploads\/2021\/03\/La-promenade-de-Flaubert-a-Morlaix.pdf\" target=\"_blank\">Promenade de Flaubert \u00e0 Morlaix<\/a><\/em>, illustrations faites par tous les \u00e9l\u00e8ves<br \/>de la classe de TPS-PS-MS de l\u2019\u00e9cole publique du Poan ben \u00e0 Morlaix. Texte \u00e9crit par les \u00e9l\u00e8ves de MS de la classe \u00e0 partir du livre \u00ab&nbsp;La promenade de Flaubert&nbsp;\u00bb \u00e9crit et illustr\u00e9 par Antonin Louchard.<\/p>\n\n\n\n<div class=\"wp-block-group\"><div class=\"wp-block-group__inner-container is-layout-flow wp-block-group-is-layout-flow\"><\/div><\/div>\n\n\n\n<p>Des 6\u00e8 du coll\u00e8ge du Ch\u00e2teau cr\u00e9ent une <a rel=\"noreferrer noopener\" href=\"http:\/\/collegeduchateaumorlaix.fr\/crbst_40.html\" target=\"_blank\">ville en carton<\/a> avec l&rsquo;artiste Charles Vergnolle<\/p>\n\n\n\n<figure class=\"wp-block-image size-full\"><img loading=\"lazy\" decoding=\"async\" width=\"220\" height=\"279\" src=\"https:\/\/www.labaiedeslivres.com\/wp-content\/uploads\/2021\/03\/utopic_20ker.jpg\" alt=\"\" class=\"wp-image-4018\"\/><\/figure>\n\n\n\n<p><\/p>\n\n\n\n<h2 class=\"wp-block-heading\">Tom-Tom et Nana<\/h2>\n\n\n\n<p>En septembre-octobre 2019, des \u00e9l\u00e8ves ont \u00e9crit des histoires avec les personnages de Tom-Tom et Nana, et 8 classes de CE1-CE2 les ont envoy\u00e9es. Les deux histoires les plus dr\u00f4les ont \u00e9t\u00e9 mises en BD par <strong>Bernadette Despr\u00e9s<\/strong>, autrice de Tom-Tom et Nana, et ont \u00e9t\u00e9 r\u00e9v\u00e9l\u00e9es le week-end du salon du livre. Elle a aussi r\u00e9alis\u00e9 des dessins en lien avec les 6 autres histoires, que tous soient r\u00e9compens\u00e9s, et la Baie des livres a \u00e9dit\u00e9 des affiches en r\u00e9compense.<\/p>\n\n\n\n<p>Voil\u00e0 ci-dessous les 2 laur\u00e9ates :*<\/p>\n\n\n\n<figure class=\"wp-block-image size-large\"><img loading=\"lazy\" decoding=\"async\" width=\"1024\" height=\"718\" src=\"https:\/\/www.labaiedeslivres.com\/wp-content\/uploads\/2019\/11\/4-0-Tom-tom-Nana-Chateau-Taureau-1024x718.jpg\" alt=\"\" class=\"wp-image-3609\" srcset=\"https:\/\/www.labaiedeslivres.com\/wp-content\/uploads\/2019\/11\/4-0-Tom-tom-Nana-Chateau-Taureau-1024x718.jpg 1024w, https:\/\/www.labaiedeslivres.com\/wp-content\/uploads\/2019\/11\/4-0-Tom-tom-Nana-Chateau-Taureau-300x210.jpg 300w, https:\/\/www.labaiedeslivres.com\/wp-content\/uploads\/2019\/11\/4-0-Tom-tom-Nana-Chateau-Taureau.jpg 1252w\" sizes=\"auto, (max-width: 1024px) 100vw, 1024px\" \/><\/figure>\n\n\n\n<figure class=\"wp-block-image size-full\"><img loading=\"lazy\" decoding=\"async\" width=\"971\" height=\"694\" src=\"https:\/\/www.labaiedeslivres.com\/wp-content\/uploads\/2019\/11\/4-1-.jpg\" alt=\"\" class=\"wp-image-3610\" srcset=\"https:\/\/www.labaiedeslivres.com\/wp-content\/uploads\/2019\/11\/4-1-.jpg 971w, https:\/\/www.labaiedeslivres.com\/wp-content\/uploads\/2019\/11\/4-1--300x214.jpg 300w\" sizes=\"auto, (max-width: 971px) 100vw, 971px\" \/><\/figure>\n\n\n\n<figure class=\"wp-block-image size-full\"><img loading=\"lazy\" decoding=\"async\" width=\"951\" height=\"655\" src=\"https:\/\/www.labaiedeslivres.com\/wp-content\/uploads\/2019\/11\/4-2.png\" alt=\"\" class=\"wp-image-3611\" srcset=\"https:\/\/www.labaiedeslivres.com\/wp-content\/uploads\/2019\/11\/4-2.png 951w, https:\/\/www.labaiedeslivres.com\/wp-content\/uploads\/2019\/11\/4-2-300x207.png 300w\" sizes=\"auto, (max-width: 951px) 100vw, 951px\" \/><\/figure>\n\n\n\n<figure class=\"wp-block-image size-full\"><img loading=\"lazy\" decoding=\"async\" width=\"949\" height=\"672\" src=\"https:\/\/www.labaiedeslivres.com\/wp-content\/uploads\/2019\/11\/4-3.jpg\" alt=\"\" class=\"wp-image-3612\" srcset=\"https:\/\/www.labaiedeslivres.com\/wp-content\/uploads\/2019\/11\/4-3.jpg 949w, https:\/\/www.labaiedeslivres.com\/wp-content\/uploads\/2019\/11\/4-3-300x212.jpg 300w\" sizes=\"auto, (max-width: 949px) 100vw, 949px\" \/><\/figure>\n\n\n\n<h2 class=\"wp-block-heading\">La Caravane-biblioth\u00e8que<\/h2>\n\n\n\n<p>Le projet a d\u00e9marr\u00e9 en 2013&nbsp;d\u2019une collaboration entre La Baie des Livres et l\u2019L\u2019Institut Th\u00e9rapeutique, Educatif et P\u00e9dagogique (ITEP) de l\u2019Ancrage-Fondation Mass\u00e9-Tr\u00e9vidy. L\u2019id\u00e9e \u00e9tait&nbsp;de cr\u00e9er, \u00e0 partir d\u2019une caravane achet\u00e9e par notre association, une biblioth\u00e8que ambulante. Apr\u00e8s avoir \u00e9t\u00e9 quelques ann\u00e9es sur le parking devant notre salon, agr\u00e9ment\u00e9e de la touche de certains illustrateurs, nous en avons fin 2018 fait don \u00e0 l\u2019association le LIEU \u00e0 Tr\u00e9zenvy.<\/p>\n\n\n\n<figure class=\"wp-block-gallery has-nested-images columns-default is-cropped wp-block-gallery-1 is-layout-flex wp-block-gallery-is-layout-flex\">\n<figure class=\"wp-block-image size-medium\"><img loading=\"lazy\" decoding=\"async\" width=\"709\" height=\"399\" data-id=\"1743\" src=\"https:\/\/www.labaiedeslivres.com\/wp-content\/uploads\/2013\/02\/Caravane.jpg\" alt=\"\" class=\"wp-image-1743\" srcset=\"https:\/\/www.labaiedeslivres.com\/wp-content\/uploads\/2013\/02\/Caravane.jpg 709w, https:\/\/www.labaiedeslivres.com\/wp-content\/uploads\/2013\/02\/Caravane-300x169.jpg 300w, https:\/\/www.labaiedeslivres.com\/wp-content\/uploads\/2013\/02\/Caravane-600x338.jpg 600w\" sizes=\"auto, (max-width: 709px) 100vw, 709px\" \/><figcaption>rr<\/figcaption><\/figure>\n\n\n\n<figure class=\"wp-block-image size-medium\"><img loading=\"lazy\" decoding=\"async\" width=\"4320\" height=\"2432\" data-id=\"1823\" src=\"https:\/\/www.labaiedeslivres.com\/wp-content\/uploads\/2015\/05\/P1070795.jpg\" alt=\"\" class=\"wp-image-1823\" srcset=\"https:\/\/www.labaiedeslivres.com\/wp-content\/uploads\/2015\/05\/P1070795.jpg 4320w, https:\/\/www.labaiedeslivres.com\/wp-content\/uploads\/2015\/05\/P1070795-300x169.jpg 300w, https:\/\/www.labaiedeslivres.com\/wp-content\/uploads\/2015\/05\/P1070795-1024x576.jpg 1024w, https:\/\/www.labaiedeslivres.com\/wp-content\/uploads\/2015\/05\/P1070795-600x338.jpg 600w\" sizes=\"auto, (max-width: 4320px) 100vw, 4320px\" \/><\/figure>\n\n\n\n<figure class=\"wp-block-image size-medium\"><img loading=\"lazy\" decoding=\"async\" width=\"4320\" height=\"2432\" data-id=\"1825\" src=\"https:\/\/www.labaiedeslivres.com\/wp-content\/uploads\/2015\/05\/P1070797.jpg\" alt=\"\" class=\"wp-image-1825\" srcset=\"https:\/\/www.labaiedeslivres.com\/wp-content\/uploads\/2015\/05\/P1070797.jpg 4320w, https:\/\/www.labaiedeslivres.com\/wp-content\/uploads\/2015\/05\/P1070797-300x169.jpg 300w, https:\/\/www.labaiedeslivres.com\/wp-content\/uploads\/2015\/05\/P1070797-1024x576.jpg 1024w, https:\/\/www.labaiedeslivres.com\/wp-content\/uploads\/2015\/05\/P1070797-600x338.jpg 600w\" sizes=\"auto, (max-width: 4320px) 100vw, 4320px\" \/><\/figure>\n<\/figure>\n","protected":false},"excerpt":{"rendered":"<p>Beaucoup de choses ont \u00e9t\u00e9 faites au cours des ann\u00e9es pass\u00e9es, tentons d\u00e9sormais d&rsquo;en garder une trace ! Si les liens sont inactifs ou si vous souhaitez ajouter des choses, merci de nous contacter par&#8230;<\/p>\n","protected":false},"author":2,"featured_media":0,"parent":0,"menu_order":0,"comment_status":"closed","ping_status":"closed","template":"","meta":{"footnotes":""},"class_list":["post-3995","page","type-page","status-publish","hentry"],"_links":{"self":[{"href":"https:\/\/www.labaiedeslivres.com\/index.php?rest_route=\/wp\/v2\/pages\/3995","targetHints":{"allow":["GET"]}}],"collection":[{"href":"https:\/\/www.labaiedeslivres.com\/index.php?rest_route=\/wp\/v2\/pages"}],"about":[{"href":"https:\/\/www.labaiedeslivres.com\/index.php?rest_route=\/wp\/v2\/types\/page"}],"author":[{"embeddable":true,"href":"https:\/\/www.labaiedeslivres.com\/index.php?rest_route=\/wp\/v2\/users\/2"}],"replies":[{"embeddable":true,"href":"https:\/\/www.labaiedeslivres.com\/index.php?rest_route=%2Fwp%2Fv2%2Fcomments&post=3995"}],"version-history":[{"count":18,"href":"https:\/\/www.labaiedeslivres.com\/index.php?rest_route=\/wp\/v2\/pages\/3995\/revisions"}],"predecessor-version":[{"id":4876,"href":"https:\/\/www.labaiedeslivres.com\/index.php?rest_route=\/wp\/v2\/pages\/3995\/revisions\/4876"}],"wp:attachment":[{"href":"https:\/\/www.labaiedeslivres.com\/index.php?rest_route=%2Fwp%2Fv2%2Fmedia&parent=3995"}],"curies":[{"name":"wp","href":"https:\/\/api.w.org\/{rel}","templated":true}]}}