{"id":3898,"date":"2020-09-22T17:59:53","date_gmt":"2020-09-22T16:59:53","guid":{"rendered":"http:\/\/www.labaiedeslivres.com\/?page_id=3898"},"modified":"2025-10-05T12:44:44","modified_gmt":"2025-10-05T11:44:44","slug":"dans-les-classes","status":"publish","type":"page","link":"https:\/\/www.labaiedeslivres.com\/?page_id=3898","title":{"rendered":"Dans les classes&#8230;"},"content":{"rendered":"\n<div class=\"wp-block-group\"><div class=\"wp-block-group__inner-container is-layout-constrained wp-block-group-is-layout-constrained\">\n<div class=\"wp-block-media-text is-stacked-on-mobile\" style=\"grid-template-columns:39% auto\"><figure class=\"wp-block-media-text__media\"><img loading=\"lazy\" decoding=\"async\" width=\"600\" height=\"158\" src=\"https:\/\/www.labaiedeslivres.com\/wp-content\/uploads\/2025\/10\/cropped-cropped-logo_site-scaled-1-600x158-1.jpg\" alt=\"\" class=\"wp-image-6264 size-full\" srcset=\"https:\/\/www.labaiedeslivres.com\/wp-content\/uploads\/2025\/10\/cropped-cropped-logo_site-scaled-1-600x158-1.jpg 600w, https:\/\/www.labaiedeslivres.com\/wp-content\/uploads\/2025\/10\/cropped-cropped-logo_site-scaled-1-600x158-1-300x79.jpg 300w\" sizes=\"auto, (max-width: 600px) 100vw, 600px\" \/><\/figure><div class=\"wp-block-media-text__content\">\n<p><a href=\"https:\/\/www.baika-magazine.com\/\">Ba\u00efka<\/a> est une revue trimestrielle pour enfants, vendue sur abonnement et en librairie, m\u00eale fiction, interview, reportage et jeux pour sensibiliser le jeune public \u00e0 la diversit\u00e9 culturelle. Le samedi, l&rsquo;\u00e9quipe sera pr\u00e9sente au salon du livre. C&rsquo;est l&rsquo;occasion de d\u00e9couvrir, et pourquoi pas de pr\u00e9voir <strong><a href=\"https:\/\/www.labaiedeslivres.com\/wp-content\/uploads\/2025\/10\/catalogue_ateliers_baika.pdf\">un atelier<\/a><\/strong> dans votre classe ?<br \/>Ils explorent de fa\u00e7on ludique les cultures \u00e9trang\u00e8res.<br \/>> \u00c9ducation aux m\u00e9dias, mythes et l\u00e9gendes, cartographie imaginaire, architecture, cuisine, g\u00e9ographie\u2026 Chacun donne lieu \u00e0 une r\u00e9alisation graphique que l\u2019enfant emporte avec lui\/elle \u00e0 la fin<br \/>de l\u2019atelier.<\/p>\n<\/div><\/div>\n\n\n\n<p>En juin, c&rsquo;est la p\u00e9riode des demandes, tous les documents sont dans la rubrique <a href=\"https:\/\/www.labaiedeslivres.com\/?page_id=1431\" data-type=\"page\" data-id=\"1431\">TELECHARGEMENT. <\/a><\/p>\n\n\n\n<p>1. Je consulte la liste des auteurs et illustrateurs qui peuvent venir dans ma classe. Leurs biographies &amp; bibliographies sont en ligne sur notre site, vous pouvez aussi aller dans les m\u00e9diath\u00e8ques d\u00e9couvrir les livres.<br \/>2. Je me concerte avec mon \u00e9quipe afin de d\u00e9finir l\u2019enseignant prioritaire au sein de l\u2019\u00e9cole (par rapport aux interventions des ann\u00e9es pr\u00e9c\u00e9dentes). Cela aidera l\u2019association lors des attributions. Je coche la case sur ma feuille de v\u0153ux si je suis prioritaire.<br \/>3. Je fais des v\u0153ux par mail, minimum DEUX. Je peux demander un auteur monolingue si j\u2019enseigne en fili\u00e8re bilingue et vice versa. Si votre demande arrive apr\u00e8s le 16 juin, nous ne pourrons pas l\u2019accepter. Nous r\u00e9pondrons au mieux de nos possibilit\u00e9s, mais il y aura malheureusement des d\u00e9\u00e7us&#8230; Nous organisons une rencontre par \u00e9tablissement demandeur, deux s\u2019il y a du bilingue.<br \/>4. J&rsquo;ai une r\u00e9ponse fin juin. A la rentr\u00e9e je fais acheter si besoin les livres aux enfants ou \u00e0 l&rsquo;\u00e9tablissement et je pr\u00e9pare la rencontre. Une r\u00e9union sera organis\u00e9e par l\u2019association en septembre. Le mail de l&rsquo;auteur me sera communiqu\u00e9, ainsi que ses indications \u00e9ventuelles, n&rsquo;h\u00e9sitez pas \u00e0 nous recontacter. <a href=\"mailto:ecoles@labaiedeslivres.com\">ecoles@labaiedeslivres.com<\/a><\/p>\n<\/div><\/div>\n\n\n\n<p>Quelques photos des restitutions des projets \u00ab\u00a01 jour, 1 \u00e9cole\u00a0\u00bb en 2024 :<\/p>\n\n\n\n<figure class=\"wp-block-gallery has-nested-images columns-default is-cropped wp-block-gallery-1 is-layout-flex wp-block-gallery-is-layout-flex\">\n<figure class=\"wp-block-image size-large\"><img loading=\"lazy\" decoding=\"async\" width=\"683\" height=\"1024\" data-id=\"6197\" src=\"https:\/\/www.labaiedeslivres.com\/wp-content\/uploads\/2025\/05\/DSC_0252-683x1024.jpg\" alt=\"\" class=\"wp-image-6197\" srcset=\"https:\/\/www.labaiedeslivres.com\/wp-content\/uploads\/2025\/05\/DSC_0252-683x1024.jpg 683w, https:\/\/www.labaiedeslivres.com\/wp-content\/uploads\/2025\/05\/DSC_0252-200x300.jpg 200w, https:\/\/www.labaiedeslivres.com\/wp-content\/uploads\/2025\/05\/DSC_0252-scaled.jpg 1707w\" sizes=\"auto, (max-width: 683px) 100vw, 683px\" \/><\/figure>\n\n\n\n<figure class=\"wp-block-image size-large\"><img loading=\"lazy\" decoding=\"async\" width=\"1707\" height=\"2560\" data-id=\"6196\" src=\"https:\/\/www.labaiedeslivres.com\/wp-content\/uploads\/2025\/05\/9782748524826_1_75-1-scaled.jpg\" alt=\"\" class=\"wp-image-6196\" srcset=\"https:\/\/www.labaiedeslivres.com\/wp-content\/uploads\/2025\/05\/9782748524826_1_75-1-scaled.jpg 1707w, https:\/\/www.labaiedeslivres.com\/wp-content\/uploads\/2025\/05\/9782748524826_1_75-1-200x300.jpg 200w\" sizes=\"auto, (max-width: 1707px) 100vw, 1707px\" \/><\/figure>\n\n\n\n<figure class=\"wp-block-image size-large\"><img decoding=\"async\" data-id=\"6195\" src=\"https:\/\/www.labaiedeslivres.com\/wp-content\/uploads\/2025\/05\/DSC_0266.jpg\" alt=\"\" class=\"wp-image-6195\"\/><\/figure>\n\n\n\n<figure class=\"wp-block-image size-large\"><img decoding=\"async\" data-id=\"6193\" src=\"https:\/\/www.labaiedeslivres.com\/wp-content\/uploads\/2025\/05\/DSC_0263.jpg\" alt=\"\" class=\"wp-image-6193\"\/><\/figure>\n\n\n\n<figure class=\"wp-block-image size-large\"><img decoding=\"async\" data-id=\"6192\" src=\"https:\/\/www.labaiedeslivres.com\/wp-content\/uploads\/2025\/05\/DSC_0374.jpg\" alt=\"\" class=\"wp-image-6192\"\/><\/figure>\n\n\n\n<figure class=\"wp-block-image size-large\"><img loading=\"lazy\" decoding=\"async\" width=\"1707\" height=\"2560\" data-id=\"6191\" src=\"https:\/\/www.labaiedeslivres.com\/wp-content\/uploads\/2025\/05\/DSC_0382-scaled.jpg\" alt=\"\" class=\"wp-image-6191\"\/><\/figure>\n<\/figure>\n\n\n\n<blockquote class=\"wp-block-quote is-layout-flow wp-block-quote-is-layout-flow\">\n<figure class=\"wp-block-embed is-type-wp-embed is-provider-genially wp-block-embed-genially\"><div class=\"wp-block-embed__wrapper\">\n<iframe class=\"wp-embedded-content\" sandbox=\"allow-scripts\" security=\"restricted\" title=\"Zoom sur quelques projets BDL 24\" frameborder='0' width='1200' height='675' src='https:\/\/view.genially.com\/674575a63be42753e84b3290#?secret=Fwxvf70aHZ' data-secret='Fwxvf70aHZ' scrolling='yes'><\/iframe>\n<\/div><\/figure>\n<\/blockquote>\n\n\n\n<p class=\"has-medium-font-size\"><em><strong>Retrouvez les r\u00e9alisations des ann\u00e9es pass\u00e9es dans le dossier<\/strong> <strong>Archives \/ Cr\u00e9ations pr\u00e9c\u00e9dentes<\/strong><\/em><\/p>\n\n\n\n<p><\/p>\n","protected":false},"excerpt":{"rendered":"<p>Ba\u00efka est une revue trimestrielle pour enfants, vendue sur abonnement et en librairie, m\u00eale fiction, interview, reportage et jeux pour sensibiliser le jeune public \u00e0 la diversit\u00e9 culturelle. Le samedi, l&rsquo;\u00e9quipe sera pr\u00e9sente au salon&#8230;<\/p>\n","protected":false},"author":2,"featured_media":0,"parent":0,"menu_order":0,"comment_status":"closed","ping_status":"closed","template":"","meta":{"footnotes":""},"class_list":["post-3898","page","type-page","status-publish","hentry"],"_links":{"self":[{"href":"https:\/\/www.labaiedeslivres.com\/index.php?rest_route=\/wp\/v2\/pages\/3898","targetHints":{"allow":["GET"]}}],"collection":[{"href":"https:\/\/www.labaiedeslivres.com\/index.php?rest_route=\/wp\/v2\/pages"}],"about":[{"href":"https:\/\/www.labaiedeslivres.com\/index.php?rest_route=\/wp\/v2\/types\/page"}],"author":[{"embeddable":true,"href":"https:\/\/www.labaiedeslivres.com\/index.php?rest_route=\/wp\/v2\/users\/2"}],"replies":[{"embeddable":true,"href":"https:\/\/www.labaiedeslivres.com\/index.php?rest_route=%2Fwp%2Fv2%2Fcomments&post=3898"}],"version-history":[{"count":16,"href":"https:\/\/www.labaiedeslivres.com\/index.php?rest_route=\/wp\/v2\/pages\/3898\/revisions"}],"predecessor-version":[{"id":6267,"href":"https:\/\/www.labaiedeslivres.com\/index.php?rest_route=\/wp\/v2\/pages\/3898\/revisions\/6267"}],"wp:attachment":[{"href":"https:\/\/www.labaiedeslivres.com\/index.php?rest_route=%2Fwp%2Fv2%2Fmedia&parent=3898"}],"curies":[{"name":"wp","href":"https:\/\/api.w.org\/{rel}","templated":true}]}}