{"id":275,"date":"2013-05-21T16:31:25","date_gmt":"2013-05-21T15:31:25","guid":{"rendered":"http:\/\/localhost:8888\/?page_id=275"},"modified":"2025-10-19T15:54:23","modified_gmt":"2025-10-19T14:54:23","slug":"lassociation","status":"publish","type":"page","link":"https:\/\/www.labaiedeslivres.com\/?page_id=275","title":{"rendered":"Qui sommes nous ?"},"content":{"rendered":"<blockquote>\n<p>Ce salon est organis\u00e9 par une association, fond\u00e9e en 2009, et qui s&rsquo;est donn\u00e9 comme but de\u00a0promouvoir le plaisir de lire pour les publics, y compris scolaires et de\u00a0valoriser \u00e0 travers diverses manifestations la cr\u00e9ation et la diffusion du livre de jeunesse en particulier.<\/p>\n<\/blockquote>\n<p>Il est possible, si vous souhaitez nous soutenir, d&rsquo;adh\u00e9rer:\u00a0 <a href=\"https:\/\/www.labaiedeslivres.com\/wp-content\/uploads\/2025\/01\/Bulletin_adhesion-2025.pdf\">Bulletin_adhesion<\/a><\/p>\n<p align=\"LEFT\"><strong>Bureau 2025<br \/><\/strong>Pr\u00e9sidente : Julia Thatje<br \/>Vice-pr\u00e9sidente : Val\u00e9rie Geffroy-Cariou<br \/>Secr\u00e9taire : Nicolas Cariou<br \/>Vice-secr\u00e9taire : H\u00e9l\u00e8ne Blanchet<br \/>Tr\u00e9sori\u00e8re : H\u00e9l\u00e8ne Le Filleul<br \/>Tr\u00e9sorier adjoint\u00a0: Jean-Philippe Tallec<\/p>\n<p align=\"LEFT\">\u00a0<\/p>\n\n\n<figure class=\"wp-block-gallery has-nested-images columns-default is-cropped wp-block-gallery-1 is-layout-flex wp-block-gallery-is-layout-flex\"><div class=\"wp-block-image is-style-default\">\n<figure class=\"aligncenter size-large\"><img loading=\"lazy\" decoding=\"async\" width=\"722\" height=\"1024\" data-id=\"6314\" src=\"https:\/\/www.labaiedeslivres.com\/wp-content\/uploads\/2025\/10\/Colore-Enfantin-Nature-Trombinoscope-classe-ecole-Poster-722x1024.png\" alt=\"\" class=\"wp-image-6314\" srcset=\"https:\/\/www.labaiedeslivres.com\/wp-content\/uploads\/2025\/10\/Colore-Enfantin-Nature-Trombinoscope-classe-ecole-Poster-722x1024.png 722w, https:\/\/www.labaiedeslivres.com\/wp-content\/uploads\/2025\/10\/Colore-Enfantin-Nature-Trombinoscope-classe-ecole-Poster-212x300.png 212w, https:\/\/www.labaiedeslivres.com\/wp-content\/uploads\/2025\/10\/Colore-Enfantin-Nature-Trombinoscope-classe-ecole-Poster-1083x1536.png 1083w, https:\/\/www.labaiedeslivres.com\/wp-content\/uploads\/2025\/10\/Colore-Enfantin-Nature-Trombinoscope-classe-ecole-Poster.png 1410w\" sizes=\"auto, (max-width: 722px) 100vw, 722px\" \/><\/figure>\n<\/div><\/figure>\n\n\n\n<p><\/p>\n","protected":false},"excerpt":{"rendered":"<p>Ce salon est organis\u00e9 par une association, fond\u00e9e en 2009, et qui s&rsquo;est donn\u00e9 comme but de\u00a0promouvoir le plaisir de lire pour les publics, y compris scolaires et de\u00a0valoriser \u00e0 travers diverses manifestations la cr\u00e9ation&#8230;<\/p>\n","protected":false},"author":1,"featured_media":0,"parent":0,"menu_order":1,"comment_status":"closed","ping_status":"closed","template":"page-template-wide.php","meta":{"footnotes":""},"class_list":["post-275","page","type-page","status-publish","hentry"],"_links":{"self":[{"href":"https:\/\/www.labaiedeslivres.com\/index.php?rest_route=\/wp\/v2\/pages\/275","targetHints":{"allow":["GET"]}}],"collection":[{"href":"https:\/\/www.labaiedeslivres.com\/index.php?rest_route=\/wp\/v2\/pages"}],"about":[{"href":"https:\/\/www.labaiedeslivres.com\/index.php?rest_route=\/wp\/v2\/types\/page"}],"author":[{"embeddable":true,"href":"https:\/\/www.labaiedeslivres.com\/index.php?rest_route=\/wp\/v2\/users\/1"}],"replies":[{"embeddable":true,"href":"https:\/\/www.labaiedeslivres.com\/index.php?rest_route=%2Fwp%2Fv2%2Fcomments&post=275"}],"version-history":[{"count":68,"href":"https:\/\/www.labaiedeslivres.com\/index.php?rest_route=\/wp\/v2\/pages\/275\/revisions"}],"predecessor-version":[{"id":6315,"href":"https:\/\/www.labaiedeslivres.com\/index.php?rest_route=\/wp\/v2\/pages\/275\/revisions\/6315"}],"wp:attachment":[{"href":"https:\/\/www.labaiedeslivres.com\/index.php?rest_route=%2Fwp%2Fv2%2Fmedia&parent=275"}],"curies":[{"name":"wp","href":"https:\/\/api.w.org\/{rel}","templated":true}]}}