{"id":2160,"date":"2016-05-18T20:01:34","date_gmt":"2016-05-18T19:01:34","guid":{"rendered":"http:\/\/www.labaiedeslivres.com\/?page_id=2160"},"modified":"2026-01-21T17:52:02","modified_gmt":"2026-01-21T16:52:02","slug":"bio-des-auteurs-2016","status":"publish","type":"page","link":"https:\/\/www.labaiedeslivres.com\/","title":{"rendered":"Affiche Anne Montel . \u00ab\u00a0Fais ton nid\u00a0\u00bb, th\u00e8me 2025"},"content":{"rendered":"\n<p>Fais ton nid ? Toutes les possibilit\u00e9s sont l\u00e0 : au sol, sous un toit, dans un arbre, avec des mat\u00e9riaux naturels ou non, douillet et cocooning, ouvert et accueillant \u2026 Eh bien, le plaisir de lire, c&rsquo;est pareil, on peut le pratiquer de chacun \u00e0 sa mani\u00e8re, non ?&nbsp; Le week-end des 22 &amp; 23 novembre 2025, prends tes aises au Roudour, \u00e0 Saint-Martin des Champs, et d\u00e9couvre ce que les jeunes et les artistes ont imagin\u00e9 pour habiter ce th\u00e8me. Entre dans l\u2019univers des auteurs illustrateurs ou trices invit\u00e9s, \u00e9change avec eux et repart dans ta tani\u00e8re charg\u00e9 de livres \u00e0 offrir, ou \u00e0 garder, petites pierres qui apr\u00e8s notre salon du livre construiront les imaginaires, dans le secret des alc\u00f4ves. Viens assister \u00e0 nos lectures et spectacles, participe aux ateliers, ressort avec le maquillage, l&rsquo;inspiration et peut-\u00eatre la fiert\u00e9 d\u2019avoir parl\u00e9 breton.  <strong>Le programme <a href=\"https:\/\/www.labaiedeslivres.com\/?page_id=6252\">en ligne<\/a> ou le <a href=\"https:\/\/www.labaiedeslivres.com\/wp-content\/uploads\/2025\/10\/BDL-DEPLIANT-2025-3volets-BD.pdf\">livret \u00e0 t\u00e9l\u00e9charger<\/a><\/strong><\/p>\n\n\n\n<div class=\"wp-block-columns is-layout-flex wp-container-core-columns-is-layout-9d6595d7 wp-block-columns-is-layout-flex\">\n<div class=\"wp-block-column is-vertically-aligned-stretch is-layout-flow wp-block-column-is-layout-flow\">\n<div class=\"wp-block-group\"><div class=\"wp-block-group__inner-container is-layout-constrained wp-block-group-is-layout-constrained\">\n<figure class=\"wp-block-gallery has-nested-images columns-5 is-cropped wp-block-gallery-1 is-layout-flex wp-block-gallery-is-layout-flex\">\n<figure class=\"wp-block-image size-full\"><img loading=\"lazy\" decoding=\"async\" width=\"1707\" height=\"2560\" data-id=\"5945\" src=\"https:\/\/www.labaiedeslivres.com\/wp-content\/uploads\/2025\/05\/Sophie-Adriansen-scaled.jpg\" alt=\"\" class=\"wp-image-5945\" srcset=\"https:\/\/www.labaiedeslivres.com\/wp-content\/uploads\/2025\/05\/Sophie-Adriansen-scaled.jpg 1707w, https:\/\/www.labaiedeslivres.com\/wp-content\/uploads\/2025\/05\/Sophie-Adriansen-200x300.jpg 200w, https:\/\/www.labaiedeslivres.com\/wp-content\/uploads\/2025\/05\/Sophie-Adriansen-683x1024.jpg 683w, https:\/\/www.labaiedeslivres.com\/wp-content\/uploads\/2025\/05\/Sophie-Adriansen-1024x1536.jpg 1024w, https:\/\/www.labaiedeslivres.com\/wp-content\/uploads\/2025\/05\/Sophie-Adriansen-1365x2048.jpg 1365w\" sizes=\"auto, (max-width: 1707px) 100vw, 1707px\" \/><figcaption class=\"wp-element-caption\"><a href=\"https:\/\/www.labaiedeslivres.com\/?p=5278\"><\/a><a href=\"https:\/\/www.labaiedeslivres.com\/?p=5908\">Sophie <\/a><a href=\"https:\/\/www.labaiedeslivres.com\/?p=5278\"><\/a><a href=\"https:\/\/www.labaiedeslivres.com\/?p=5278\"><\/a><a href=\"https:\/\/www.labaiedeslivres.com\/?p=5908\">ADRIANSEN<\/a><\/figcaption><\/figure>\n\n\n\n<figure class=\"wp-block-image size-large\"><img loading=\"lazy\" decoding=\"async\" width=\"679\" height=\"1024\" data-id=\"5941\" src=\"https:\/\/www.labaiedeslivres.com\/wp-content\/uploads\/2025\/05\/Adrien-Albert-\u00a9-Leiontine-Behaeghel-leicole-des-loisirs-679x1024.jpg\" alt=\"\" class=\"wp-image-5941\" srcset=\"https:\/\/www.labaiedeslivres.com\/wp-content\/uploads\/2025\/05\/Adrien-Albert-\u00a9-Leiontine-Behaeghel-leicole-des-loisirs-679x1024.jpg 679w, https:\/\/www.labaiedeslivres.com\/wp-content\/uploads\/2025\/05\/Adrien-Albert-\u00a9-Leiontine-Behaeghel-leicole-des-loisirs-199x300.jpg 199w, https:\/\/www.labaiedeslivres.com\/wp-content\/uploads\/2025\/05\/Adrien-Albert-\u00a9-Leiontine-Behaeghel-leicole-des-loisirs-1018x1536.jpg 1018w, https:\/\/www.labaiedeslivres.com\/wp-content\/uploads\/2025\/05\/Adrien-Albert-\u00a9-Leiontine-Behaeghel-leicole-des-loisirs-1358x2048.jpg 1358w, https:\/\/www.labaiedeslivres.com\/wp-content\/uploads\/2025\/05\/Adrien-Albert-\u00a9-Leiontine-Behaeghel-leicole-des-loisirs-scaled.jpg 1697w\" sizes=\"auto, (max-width: 679px) 100vw, 679px\" \/><figcaption class=\"wp-element-caption\"><a href=\"https:\/\/www.labaiedeslivres.com\/?p=5654\">Adrien ALBERT<\/a><\/figcaption><\/figure>\n\n\n\n<figure class=\"wp-block-image size-full\"><img loading=\"lazy\" decoding=\"async\" width=\"452\" height=\"640\" data-id=\"5946\" src=\"https:\/\/www.labaiedeslivres.com\/wp-content\/uploads\/2025\/05\/Ar-Braz-Kristian-danvez-golo-al-Lanv-167-Kerzu-2023.jpeg\" alt=\"\" class=\"wp-image-5946\" srcset=\"https:\/\/www.labaiedeslivres.com\/wp-content\/uploads\/2025\/05\/Ar-Braz-Kristian-danvez-golo-al-Lanv-167-Kerzu-2023.jpeg 452w, https:\/\/www.labaiedeslivres.com\/wp-content\/uploads\/2025\/05\/Ar-Braz-Kristian-danvez-golo-al-Lanv-167-Kerzu-2023-212x300.jpeg 212w\" sizes=\"auto, (max-width: 452px) 100vw, 452px\" \/><figcaption class=\"wp-element-caption\"><a href=\"https:\/\/www.labaiedeslivres.com\/?p=5262\">Kristian AR BRAZ<\/a><\/figcaption><\/figure>\n\n\n\n<figure class=\"wp-block-image size-large\"><img loading=\"lazy\" decoding=\"async\" width=\"1024\" height=\"979\" data-id=\"5948\" src=\"https:\/\/www.labaiedeslivres.com\/wp-content\/uploads\/2025\/05\/Arnal-magali-1-1024x979.jpg\" alt=\"\" class=\"wp-image-5948\" srcset=\"https:\/\/www.labaiedeslivres.com\/wp-content\/uploads\/2025\/05\/Arnal-magali-1-1024x979.jpg 1024w, https:\/\/www.labaiedeslivres.com\/wp-content\/uploads\/2025\/05\/Arnal-magali-1-300x287.jpg 300w, https:\/\/www.labaiedeslivres.com\/wp-content\/uploads\/2025\/05\/Arnal-magali-1-1536x1468.jpg 1536w, https:\/\/www.labaiedeslivres.com\/wp-content\/uploads\/2025\/05\/Arnal-magali-1.jpg 1540w\" sizes=\"auto, (max-width: 1024px) 100vw, 1024px\" \/><figcaption class=\"wp-element-caption\"><a href=\"https:\/\/www.labaiedeslivres.com\/?p=5278\">Magali ARNAL<\/a><\/figcaption><\/figure>\n\n\n\n<figure class=\"wp-block-image size-large\"><img loading=\"lazy\" decoding=\"async\" width=\"821\" height=\"1024\" data-id=\"5949\" src=\"https:\/\/www.labaiedeslivres.com\/wp-content\/uploads\/2025\/05\/Photo-Gael-Aymon-\u00a9-Aurelien-Salvucci-5-copie-RECTANGLE-821x1024.jpg\" alt=\"\" class=\"wp-image-5949\" srcset=\"https:\/\/www.labaiedeslivres.com\/wp-content\/uploads\/2025\/05\/Photo-Gael-Aymon-\u00a9-Aurelien-Salvucci-5-copie-RECTANGLE-821x1024.jpg 821w, https:\/\/www.labaiedeslivres.com\/wp-content\/uploads\/2025\/05\/Photo-Gael-Aymon-\u00a9-Aurelien-Salvucci-5-copie-RECTANGLE-240x300.jpg 240w, https:\/\/www.labaiedeslivres.com\/wp-content\/uploads\/2025\/05\/Photo-Gael-Aymon-\u00a9-Aurelien-Salvucci-5-copie-RECTANGLE.jpg 1187w\" sizes=\"auto, (max-width: 821px) 100vw, 821px\" \/><figcaption class=\"wp-element-caption\"><a href=\"https:\/\/www.labaiedeslivres.com\/?p=5232\">Ga\u00ebl AYMON<\/a><\/figcaption><\/figure>\n\n\n\n<figure class=\"wp-block-image size-large\"><img loading=\"lazy\" decoding=\"async\" width=\"1024\" height=\"682\" data-id=\"5950\" src=\"https:\/\/www.labaiedeslivres.com\/wp-content\/uploads\/2025\/05\/Geraldine-Beaumont-1024x682.jpg\" alt=\"\" class=\"wp-image-5950\" srcset=\"https:\/\/www.labaiedeslivres.com\/wp-content\/uploads\/2025\/05\/Geraldine-Beaumont-1024x682.jpg 1024w, https:\/\/www.labaiedeslivres.com\/wp-content\/uploads\/2025\/05\/Geraldine-Beaumont-300x200.jpg 300w, https:\/\/www.labaiedeslivres.com\/wp-content\/uploads\/2025\/05\/Geraldine-Beaumont-1536x1022.jpg 1536w, https:\/\/www.labaiedeslivres.com\/wp-content\/uploads\/2025\/05\/Geraldine-Beaumont-2048x1363.jpg 2048w\" sizes=\"auto, (max-width: 1024px) 100vw, 1024px\" \/><figcaption class=\"wp-element-caption\"><a href=\"https:\/\/www.labaiedeslivres.com\/?p=5154\">G\u00e9raldine BEAUMONT<\/a><\/figcaption><\/figure>\n\n\n\n<figure class=\"wp-block-image size-full\"><img loading=\"lazy\" decoding=\"async\" width=\"354\" height=\"472\" data-id=\"5951\" src=\"https:\/\/www.labaiedeslivres.com\/wp-content\/uploads\/2025\/05\/Photo-Julien-Beziat.jpg\" alt=\"\" class=\"wp-image-5951\" srcset=\"https:\/\/www.labaiedeslivres.com\/wp-content\/uploads\/2025\/05\/Photo-Julien-Beziat.jpg 354w, https:\/\/www.labaiedeslivres.com\/wp-content\/uploads\/2025\/05\/Photo-Julien-Beziat-225x300.jpg 225w\" sizes=\"auto, (max-width: 354px) 100vw, 354px\" \/><figcaption class=\"wp-element-caption\"><a href=\"https:\/\/www.labaiedeslivres.com\/?p=5132\"><\/a><a href=\"https:\/\/www.labaiedeslivres.com\/?p=5146\">Julien <\/a><a href=\"https:\/\/www.labaiedeslivres.com\/?p=5132\"><\/a><a href=\"https:\/\/www.labaiedeslivres.com\/?p=5132\"><\/a>BEZIAT<\/figcaption><\/figure>\n\n\n\n<figure class=\"wp-block-image size-full\"><img loading=\"lazy\" decoding=\"async\" width=\"313\" height=\"417\" data-id=\"3037\" src=\"https:\/\/www.labaiedeslivres.com\/wp-content\/uploads\/2018\/05\/Pierrick-Bisinski.jpg\" alt=\"\" class=\"wp-image-3037\" srcset=\"https:\/\/www.labaiedeslivres.com\/wp-content\/uploads\/2018\/05\/Pierrick-Bisinski.jpg 313w, https:\/\/www.labaiedeslivres.com\/wp-content\/uploads\/2018\/05\/Pierrick-Bisinski-225x300.jpg 225w\" sizes=\"auto, (max-width: 313px) 100vw, 313px\" \/><figcaption class=\"wp-element-caption\"><a href=\"https:\/\/www.labaiedeslivres.com\/?p=6113\">Pierrick BISINSKI<\/a><\/figcaption><\/figure>\n\n\n\n<figure class=\"wp-block-image size-large\"><img loading=\"lazy\" decoding=\"async\" width=\"738\" height=\"1024\" data-id=\"5952\" src=\"https:\/\/www.labaiedeslivres.com\/wp-content\/uploads\/2025\/05\/CSIL-autoportrait-738x1024.jpg\" alt=\"\" class=\"wp-image-5952\" srcset=\"https:\/\/www.labaiedeslivres.com\/wp-content\/uploads\/2025\/05\/CSIL-autoportrait-738x1024.jpg 738w, https:\/\/www.labaiedeslivres.com\/wp-content\/uploads\/2025\/05\/CSIL-autoportrait-216x300.jpg 216w, https:\/\/www.labaiedeslivres.com\/wp-content\/uploads\/2025\/05\/CSIL-autoportrait-1107x1536.jpg 1107w, https:\/\/www.labaiedeslivres.com\/wp-content\/uploads\/2025\/05\/CSIL-autoportrait.jpg 1181w\" sizes=\"auto, (max-width: 738px) 100vw, 738px\" \/><figcaption class=\"wp-element-caption\"><a href=\"https:\/\/www.labaiedeslivres.com\/?p=5139\">CSIL<\/a><\/figcaption><\/figure>\n\n\n\n<figure class=\"wp-block-image size-large\"><img loading=\"lazy\" decoding=\"async\" width=\"1024\" height=\"1016\" data-id=\"5953\" src=\"https:\/\/www.labaiedeslivres.com\/wp-content\/uploads\/2025\/05\/ELO-1024x1016.jpg\" alt=\"\" class=\"wp-image-5953\" srcset=\"https:\/\/www.labaiedeslivres.com\/wp-content\/uploads\/2025\/05\/ELO-1024x1016.jpg 1024w, https:\/\/www.labaiedeslivres.com\/wp-content\/uploads\/2025\/05\/ELO-300x298.jpg 300w, https:\/\/www.labaiedeslivres.com\/wp-content\/uploads\/2025\/05\/ELO-150x150.jpg 150w, https:\/\/www.labaiedeslivres.com\/wp-content\/uploads\/2025\/05\/ELO-1536x1524.jpg 1536w, https:\/\/www.labaiedeslivres.com\/wp-content\/uploads\/2025\/05\/ELO-2048x2032.jpg 2048w\" sizes=\"auto, (max-width: 1024px) 100vw, 1024px\" \/><figcaption class=\"wp-element-caption\"><a href=\"https:\/\/www.labaiedeslivres.com\/?p=5132\">ELO<\/a><\/figcaption><\/figure>\n\n\n\n<figure class=\"wp-block-image size-large\"><img loading=\"lazy\" decoding=\"async\" width=\"683\" height=\"1024\" data-id=\"5954\" src=\"https:\/\/www.labaiedeslivres.com\/wp-content\/uploads\/2025\/05\/GENDRON_Sebastien_photo_2022_Photo_Francesca_Mantovani\u00aeGallimard_87A1621-1-683x1024.jpg\" alt=\"\" class=\"wp-image-5954\" srcset=\"https:\/\/www.labaiedeslivres.com\/wp-content\/uploads\/2025\/05\/GENDRON_Sebastien_photo_2022_Photo_Francesca_Mantovani\u00aeGallimard_87A1621-1-683x1024.jpg 683w, https:\/\/www.labaiedeslivres.com\/wp-content\/uploads\/2025\/05\/GENDRON_Sebastien_photo_2022_Photo_Francesca_Mantovani\u00aeGallimard_87A1621-1-200x300.jpg 200w, https:\/\/www.labaiedeslivres.com\/wp-content\/uploads\/2025\/05\/GENDRON_Sebastien_photo_2022_Photo_Francesca_Mantovani\u00aeGallimard_87A1621-1-1024x1536.jpg 1024w, https:\/\/www.labaiedeslivres.com\/wp-content\/uploads\/2025\/05\/GENDRON_Sebastien_photo_2022_Photo_Francesca_Mantovani\u00aeGallimard_87A1621-1-1365x2048.jpg 1365w, https:\/\/www.labaiedeslivres.com\/wp-content\/uploads\/2025\/05\/GENDRON_Sebastien_photo_2022_Photo_Francesca_Mantovani\u00aeGallimard_87A1621-1-scaled.jpg 1707w\" sizes=\"auto, (max-width: 683px) 100vw, 683px\" \/><figcaption class=\"wp-element-caption\"><a href=\"https:\/\/www.labaiedeslivres.com\/?p=6170\">Sebastien GENDRON<\/a><\/figcaption><\/figure>\n\n\n\n<figure class=\"wp-block-image size-full\"><img loading=\"lazy\" decoding=\"async\" width=\"755\" height=\"733\" data-id=\"5955\" src=\"https:\/\/www.labaiedeslivres.com\/wp-content\/uploads\/2025\/05\/GROSOS-Virginie.jpg\" alt=\"\" class=\"wp-image-5955\" srcset=\"https:\/\/www.labaiedeslivres.com\/wp-content\/uploads\/2025\/05\/GROSOS-Virginie.jpg 755w, https:\/\/www.labaiedeslivres.com\/wp-content\/uploads\/2025\/05\/GROSOS-Virginie-300x291.jpg 300w\" sizes=\"auto, (max-width: 755px) 100vw, 755px\" \/><figcaption class=\"wp-element-caption\"><a href=\"https:\/\/www.labaiedeslivres.com\/?p=5126\">Virginie GROSOS<\/a><\/figcaption><\/figure>\n\n\n\n<figure class=\"wp-block-image size-full\"><img loading=\"lazy\" decoding=\"async\" width=\"343\" height=\"343\" data-id=\"6120\" src=\"https:\/\/www.labaiedeslivres.com\/wp-content\/uploads\/2025\/05\/Screenshot-2025-05-21-at-21-47-27-Victor-Le-Foll-\u2013-orfeu-negro.png\" alt=\"\" class=\"wp-image-6120\" srcset=\"https:\/\/www.labaiedeslivres.com\/wp-content\/uploads\/2025\/05\/Screenshot-2025-05-21-at-21-47-27-Victor-Le-Foll-\u2013-orfeu-negro.png 343w, https:\/\/www.labaiedeslivres.com\/wp-content\/uploads\/2025\/05\/Screenshot-2025-05-21-at-21-47-27-Victor-Le-Foll-\u2013-orfeu-negro-300x300.png 300w, https:\/\/www.labaiedeslivres.com\/wp-content\/uploads\/2025\/05\/Screenshot-2025-05-21-at-21-47-27-Victor-Le-Foll-\u2013-orfeu-negro-150x150.png 150w\" sizes=\"auto, (max-width: 343px) 100vw, 343px\" \/><figcaption class=\"wp-element-caption\"><a href=\"https:\/\/www.labaiedeslivres.com\/?p=6139\">Victor LE FOLL<\/a><\/figcaption><\/figure>\n\n\n\n<figure class=\"wp-block-image size-full\"><img decoding=\"async\" data-id=\"5958\" src=\"https:\/\/www.labaiedeslivres.com\/wp-content\/uploads\/2025\/05\/Montel-Anne-2-1.jpg\" alt=\"\" class=\"wp-image-5958\"\/><figcaption class=\"wp-element-caption\"><a href=\"https:\/\/www.labaiedeslivres.com\/?p=5119\">Anne MONTEL<\/a><\/figcaption><\/figure>\n\n\n\n<figure class=\"wp-block-image size-full\"><img loading=\"lazy\" decoding=\"async\" width=\"1606\" height=\"1536\" data-id=\"5959\" src=\"https:\/\/www.labaiedeslivres.com\/wp-content\/uploads\/2025\/05\/Oury-Fleur.jpg\" alt=\"\" class=\"wp-image-5959\"\/><figcaption class=\"wp-element-caption\"><a href=\"https:\/\/www.labaiedeslivres.com\/?p=5112\">Fleur OURY<\/a><\/figcaption><\/figure>\n\n\n\n<figure class=\"wp-block-image size-full\"><img loading=\"lazy\" decoding=\"async\" width=\"1102\" height=\"1595\" data-id=\"5960\" src=\"https:\/\/www.labaiedeslivres.com\/wp-content\/uploads\/2025\/05\/Pilorget-Bruno.jpg\" alt=\"\" class=\"wp-image-5960\"\/><figcaption class=\"wp-element-caption\"><a href=\"https:\/\/www.labaiedeslivres.com\/?p=5101\">Bruno PILORGET<\/a><\/figcaption><\/figure>\n\n\n\n<figure class=\"wp-block-image size-full\"><img loading=\"lazy\" decoding=\"async\" width=\"853\" height=\"1280\" data-id=\"5961\" src=\"https:\/\/www.labaiedeslivres.com\/wp-content\/uploads\/2025\/05\/PUYBARET-Eric.jpg\" alt=\"\" class=\"wp-image-5961\"\/><figcaption class=\"wp-element-caption\"><br \/><a href=\"https:\/\/www.labaiedeslivres.com\/?p=5094\">Eric PUYBARET<\/a><\/figcaption><\/figure>\n\n\n\n<figure class=\"wp-block-image size-full\"><img decoding=\"async\" data-id=\"5962\" src=\"https:\/\/www.labaiedeslivres.com\/wp-content\/uploads\/2025\/05\/Portrait-_Emma.jpg\" alt=\"\" class=\"wp-image-5962\"\/><figcaption class=\"wp-element-caption\"><br \/><a href=\"https:\/\/www.labaiedeslivres.com\/?p=5083\">Emma SCHNELLBACH<\/a><\/figcaption><\/figure>\n\n\n\n<figure class=\"wp-block-image size-full\"><img loading=\"lazy\" decoding=\"async\" width=\"966\" height=\"1207\" data-id=\"5963\" src=\"https:\/\/www.labaiedeslivres.com\/wp-content\/uploads\/2025\/05\/Villiot-Bernard1.jpg\" alt=\"\" class=\"wp-image-5963\"\/><figcaption class=\"wp-element-caption\"><a href=\"https:\/\/www.labaiedeslivres.com\/?p=5076\">Bernard VILLIOT<\/a><\/figcaption><\/figure>\n\n\n\n<figure class=\"wp-block-image size-full\"><img loading=\"lazy\" decoding=\"async\" width=\"480\" height=\"585\" data-id=\"5964\" src=\"https:\/\/www.labaiedeslivres.com\/wp-content\/uploads\/2025\/05\/ZEUM-Anne.jpeg\" alt=\"\" class=\"wp-image-5964\" srcset=\"https:\/\/www.labaiedeslivres.com\/wp-content\/uploads\/2025\/05\/ZEUM-Anne.jpeg 480w, https:\/\/www.labaiedeslivres.com\/wp-content\/uploads\/2025\/05\/ZEUM-Anne-246x300.jpeg 246w\" sizes=\"auto, (max-width: 480px) 100vw, 480px\" \/><figcaption class=\"wp-element-caption\"><a href=\"https:\/\/www.labaiedeslivres.com\/?p=5654\"><br \/><\/a><a href=\"https:\/\/www.labaiedeslivres.com\/?p=6102\">Anne ZEUM<\/a><\/figcaption><\/figure>\n<\/figure>\n<\/div><\/div>\n<\/div>\n<\/div>\n\n\n\n<p>Sav da neizh&nbsp;? Da choaz a zo, pezh a garer&nbsp;: war an douar, dindan un doenn, en ur wezenn, gant danvezio\u00f9 naturel pe get, klet ha <em>cocooning<\/em> , digor ha degemerus\u2026 Ac&rsquo;hanta, evit ar blijadur da lenn eo he\u00f1vel, pep hini a c&rsquo;hall ober diouzh e vod, n&rsquo;eo ket gwir&nbsp;? Dibenn-sizhun an 22 &amp; 23 a viz Du 2025, deus d&rsquo;en em lakaat ez aez er Roudour, e Sant-Martin-war-ar-Maez, hag e weli petra zo bet ijinet gant ar re yaouank hag an arzourien evit rei\u00f1 buhez d&rsquo;an tem-se. Deus e bed an oberourien skeudennerien pe skeudennerezed pedet, komz gante ha distro d&rsquo;az ched, levrio\u00f9 a-leizh ganit da brofa\u00f1, pe da virout evidout, mein bihan hag ac&rsquo;h aio, goude hor salo\u00f1s al levrio\u00f9, da sevel ar faltaziadenno\u00f9, e sekred ar c&rsquo;huzho\u00f9-gwele. Deus da selaou hon lennadeno\u00f9, da welet hon arvesto\u00f9, kemer perzh en ataliero\u00f9, ha mont kuit goude gant da zremm livet, da spered awenet, lorc&rsquo;h ennout marteze o veza\u00f1 komzet brezhoneg. Mall zo warnout&nbsp;? Warnomp ivez&nbsp;! Lakaomp emgav eta evit 14 <sup>vet<\/sup> salo\u00f1s al levrio\u00f9 yaouankiz e Bro Montroulez, aozet gant hon c&rsquo;hevredigezh tud a-youl-vat&#8230;<\/p>\n\n\n\n<p><\/p>\n","protected":false},"excerpt":{"rendered":"<p>Fais ton nid ? Toutes les possibilit\u00e9s sont l\u00e0 : au sol, sous un toit, dans un arbre, avec des mat\u00e9riaux naturels ou non, douillet et cocooning, ouvert et accueillant \u2026 Eh bien, le plaisir&#8230;<\/p>\n","protected":false},"author":1,"featured_media":0,"parent":0,"menu_order":0,"comment_status":"closed","ping_status":"closed","template":"page-template-wide.php","meta":{"footnotes":""},"class_list":["post-2160","page","type-page","status-publish","hentry"],"_links":{"self":[{"href":"https:\/\/www.labaiedeslivres.com\/index.php?rest_route=\/wp\/v2\/pages\/2160","targetHints":{"allow":["GET"]}}],"collection":[{"href":"https:\/\/www.labaiedeslivres.com\/index.php?rest_route=\/wp\/v2\/pages"}],"about":[{"href":"https:\/\/www.labaiedeslivres.com\/index.php?rest_route=\/wp\/v2\/types\/page"}],"author":[{"embeddable":true,"href":"https:\/\/www.labaiedeslivres.com\/index.php?rest_route=\/wp\/v2\/users\/1"}],"replies":[{"embeddable":true,"href":"https:\/\/www.labaiedeslivres.com\/index.php?rest_route=%2Fwp%2Fv2%2Fcomments&post=2160"}],"version-history":[{"count":312,"href":"https:\/\/www.labaiedeslivres.com\/index.php?rest_route=\/wp\/v2\/pages\/2160\/revisions"}],"predecessor-version":[{"id":6345,"href":"https:\/\/www.labaiedeslivres.com\/index.php?rest_route=\/wp\/v2\/pages\/2160\/revisions\/6345"}],"wp:attachment":[{"href":"https:\/\/www.labaiedeslivres.com\/index.php?rest_route=%2Fwp%2Fv2%2Fmedia&parent=2160"}],"curies":[{"name":"wp","href":"https:\/\/api.w.org\/{rel}","templated":true}]}}