{"id":1947,"date":"2015-05-22T18:13:03","date_gmt":"2015-05-22T17:13:03","guid":{"rendered":"http:\/\/www.labaiedeslivres.com\/?page_id=1947"},"modified":"2025-10-08T13:48:19","modified_gmt":"2025-10-08T12:48:19","slug":"partenaires","status":"publish","type":"page","link":"https:\/\/www.labaiedeslivres.com\/?page_id=1947","title":{"rendered":"Partenaires"},"content":{"rendered":"\n<figure class=\"wp-block-image size-full is-resized\"><img loading=\"lazy\" decoding=\"async\" width=\"527\" height=\"445\" src=\"https:\/\/www.labaiedeslivres.com\/wp-content\/uploads\/2025\/07\/financiers2025.png\" alt=\"\" class=\"wp-image-6240\" style=\"width:458px;height:auto\" srcset=\"https:\/\/www.labaiedeslivres.com\/wp-content\/uploads\/2025\/07\/financiers2025.png 527w, https:\/\/www.labaiedeslivres.com\/wp-content\/uploads\/2025\/07\/financiers2025-300x253.png 300w\" sizes=\"auto, (max-width: 527px) 100vw, 527px\" \/><\/figure>\n\n\n<p align=\"LEFT\">Sans nos <strong>PARTENAIRES FINANCIERS<\/strong>, ce salon n\u2019existerait pas, et nous les remercions de promouvoir ainsi un acc\u00e8s libre \u00e0 la culture, de nous permettre de r\u00eaver et de cr\u00e9er !<br \/>&#8211; Le CNL<br \/>&#8211; La SOFIA<br \/>&#8211; La SAIF \/ Copie priv\u00e9e<br \/>&#8211; Le Conseil R\u00e9gional de Bretagne<br \/>&#8211; Le\u00a0Conseil D\u00e9partemental du Finist\u00e8re<br \/>&#8211; Le FDAV, fonds pour le d\u00e9veloppement de la vie associative<br \/>&#8211; Morlaix Communaut\u00e9<br \/>&#8211; Les\u00a0Mairies de Morlaix et Saint-Martin-des-Champs<\/p>\n<p><strong>La Baie des livres travaille avec de nombreux PARTENAIRES DU TERRITOIRE, qu&rsquo;elle remercie :<\/strong><br \/>&#8211; L&rsquo;Espace du Roudour et toute son \u00e9quipe !<br \/>&#8211; Les librairies Livres in room \u00e0 St-Pol-de-L\u00e9on, L&rsquo;Ivresse des mots \u00e0 Lampaul-Guimiliau et Les D\u00e9ferlantes \u00e0 Morlaix<br \/>&#8211; Les m\u00e9diath\u00e8ques du Pays de Morlaix et leur personnel, le r\u00e9seau du Pays de Landi ainsi que la BDP de Ste-S\u00e8ve<br \/>&#8211; Les \u00e9tablissements scolaires et les enseignants<br \/>&#8211; L&rsquo;association KLT-Ti ar vro pour le breton<br \/>&#8211; L&rsquo;inspection de l&rsquo;Education Nationale de Morlaix et les conseill\u00e8res p\u00e9dagogiques<br \/>&#8211; Le cin\u00e9ma associatif de Morlaix La Salamandre, et l&rsquo;\u00e9quipe de Dialogues \u00e0 la Manu<br \/>&#8211; Les jeunes et l&rsquo;\u00e9quipe d&rsquo;Ar Brug<br \/>&#8211; Les artistes intervenants sur la salon et dans les classes : Claire Le Roux, Yves Kneus\u00e9, Guillaume Castel, Julien Thomas, la Compagnie La R\u00e9gale, Mich\u00e8le Le Saux<br \/>&#8211; La revue Ba\u00efka<br \/>&#8211; L&rsquo;imprimerie de Bretagne<br \/>&#8211; Le RESAM<br \/><br \/><strong>Merci enfin \u00e0 tous les b\u00e9n\u00e9voles qui se mobilisent, sans qui rien ne serait possible !<\/strong><\/p>","protected":false},"excerpt":{"rendered":"<p>Sans nos PARTENAIRES FINANCIERS, ce salon n\u2019existerait pas, et nous les remercions de promouvoir ainsi un acc\u00e8s libre \u00e0 la culture, de nous permettre de r\u00eaver et de cr\u00e9er !&#8211; Le CNL&#8211; La SOFIA&#8211; La&#8230;<\/p>\n","protected":false},"author":1,"featured_media":6150,"parent":0,"menu_order":0,"comment_status":"closed","ping_status":"closed","template":"page-template-wide.php","meta":{"footnotes":""},"class_list":["post-1947","page","type-page","status-publish","has-post-thumbnail","hentry"],"_links":{"self":[{"href":"https:\/\/www.labaiedeslivres.com\/index.php?rest_route=\/wp\/v2\/pages\/1947","targetHints":{"allow":["GET"]}}],"collection":[{"href":"https:\/\/www.labaiedeslivres.com\/index.php?rest_route=\/wp\/v2\/pages"}],"about":[{"href":"https:\/\/www.labaiedeslivres.com\/index.php?rest_route=\/wp\/v2\/types\/page"}],"author":[{"embeddable":true,"href":"https:\/\/www.labaiedeslivres.com\/index.php?rest_route=\/wp\/v2\/users\/1"}],"replies":[{"embeddable":true,"href":"https:\/\/www.labaiedeslivres.com\/index.php?rest_route=%2Fwp%2Fv2%2Fcomments&post=1947"}],"version-history":[{"count":23,"href":"https:\/\/www.labaiedeslivres.com\/index.php?rest_route=\/wp\/v2\/pages\/1947\/revisions"}],"predecessor-version":[{"id":6290,"href":"https:\/\/www.labaiedeslivres.com\/index.php?rest_route=\/wp\/v2\/pages\/1947\/revisions\/6290"}],"wp:featuredmedia":[{"embeddable":true,"href":"https:\/\/www.labaiedeslivres.com\/index.php?rest_route=\/wp\/v2\/media\/6150"}],"wp:attachment":[{"href":"https:\/\/www.labaiedeslivres.com\/index.php?rest_route=%2Fwp%2Fv2%2Fmedia&parent=1947"}],"curies":[{"name":"wp","href":"https:\/\/api.w.org\/{rel}","templated":true}]}}