{"id":1566,"date":"2014-08-26T15:10:18","date_gmt":"2014-08-26T14:10:18","guid":{"rendered":"http:\/\/www.labaiedeslivres.com\/?page_id=1566"},"modified":"2024-10-21T13:31:39","modified_gmt":"2024-10-21T12:31:39","slug":"infos-pratiques","status":"publish","type":"page","link":"https:\/\/www.labaiedeslivres.com\/?page_id=1566","title":{"rendered":"Infos pratiques"},"content":{"rendered":"<p><strong>L&rsquo;entr\u00e9e du salon est gratuite et ouverte \u00e0 tous, des tout-petits aux grands-parents, sans oublier parents, ados et curieux ! <\/strong>C&rsquo;est un salon convivial, o\u00f9 vous pouvez circuler librement, assister \u00e0 des spectacles, d\u00e9couvrir les livres, aller faire des d\u00e9dicaces et rencontrer les invit\u00e9s, parler en breton, admirer les expos, participer \u00e0 des ateliers, des jeux \u2026 partagez notre amour des livres et des illustrations !<br \/>\n&#8212;&#8212;&#8212;&#8212;&#8212;&#8212;&#8212;&#8212;&#8212;&#8212;&#8212;&#8212;&#8212;&#8212;&#8212;&#8212;&#8212;&#8212;&#8212;&#8212;&#8212;&#8212;&#8212;&#8212;&#8212;&#8212;&#8212;&#8212;&#8212;&#8212;&#8212;&#8211;<br \/>\n<strong>Comment vous rendre sur le salon ?<\/strong><\/p>\n<p>Saint-Martin-des-Champs (29) se situe sur l&rsquo;axe routier Brest\/Rennes dans le Finist\u00e8re nord.<br \/>\nSur la N12, prendre la sortie Morlaix centre, Saint-Martin-des-Champs.<br \/>\nEnsuite le parcours est fl\u00e9ch\u00e9 jusqu&rsquo;\u00e0 l&rsquo;Espace Culturel du Roudour.<br \/>\nEspace du Roudour &#8211; Rue Park ar Roudour, 29600 Saint-Martin-des-Champs<br \/>\n<a href=\"http:\/\/www.espace-roudour.com\/\" target=\"_blank\" rel=\"noopener noreferrer\">www.espace-roudour.com<\/a><\/p>\n<p>&#8212;&#8212;&#8212;&#8212;&#8212;&#8212;&#8212;&#8212;&#8212;&#8212;&#8212;&#8212;&#8212;&#8212;&#8212;&#8212;&#8212;&#8212;&#8212;&#8212;&#8212;&#8212;&#8212;&#8212;&#8212;&#8212;&#8212;&#8212;&#8212;&#8212;&#8212;&#8212;&#8212;&#8212;-<\/p>\n<p><strong>Ouverture du salon de 10h \u00e0 18 h<br \/>\n<\/strong>Samedi 23 et dimanche 24 novembre 2024<\/p>\n<p><a href=\"https:\/\/www.labaiedeslivres.com\/wp-content\/uploads\/2014\/08\/10497499_701752966564568_1166759526263714911_o.jpg\"><img loading=\"lazy\" decoding=\"async\" class=\"alignnone wp-image-1568\" src=\"https:\/\/www.labaiedeslivres.com\/wp-content\/uploads\/2014\/08\/10497499_701752966564568_1166759526263714911_o-300x96.jpg\" alt=\"10497499_701752966564568_1166759526263714911_o\" width=\"416\" height=\"133\" srcset=\"https:\/\/www.labaiedeslivres.com\/wp-content\/uploads\/2014\/08\/10497499_701752966564568_1166759526263714911_o-300x96.jpg 300w, https:\/\/www.labaiedeslivres.com\/wp-content\/uploads\/2014\/08\/10497499_701752966564568_1166759526263714911_o-1024x327.jpg 1024w, https:\/\/www.labaiedeslivres.com\/wp-content\/uploads\/2014\/08\/10497499_701752966564568_1166759526263714911_o-600x192.jpg 600w, https:\/\/www.labaiedeslivres.com\/wp-content\/uploads\/2014\/08\/10497499_701752966564568_1166759526263714911_o.jpg 1159w\" sizes=\"auto, (max-width: 416px) 100vw, 416px\" \/><\/a><\/p>\n<p>&#8212;&#8212;&#8212;&#8212;&#8212;&#8212;&#8212;&#8212;&#8212;&#8212;&#8212;&#8212;&#8212;&#8212;&#8212;&#8212;&#8212;&#8212;&#8212;&#8212;&#8212;&#8212;&#8212;&#8212;&#8212;&#8212;&#8212;<\/p>\n","protected":false},"excerpt":{"rendered":"<p>L&rsquo;entr\u00e9e du salon est gratuite et ouverte \u00e0 tous, des tout-petits aux grands-parents, sans oublier parents, ados et curieux ! C&rsquo;est un salon convivial, o\u00f9 vous pouvez circuler librement, assister \u00e0 des spectacles, d\u00e9couvrir les&#8230;<\/p>\n","protected":false},"author":1,"featured_media":0,"parent":0,"menu_order":0,"comment_status":"closed","ping_status":"closed","template":"","meta":{"footnotes":""},"class_list":["post-1566","page","type-page","status-publish","hentry"],"_links":{"self":[{"href":"https:\/\/www.labaiedeslivres.com\/index.php?rest_route=\/wp\/v2\/pages\/1566","targetHints":{"allow":["GET"]}}],"collection":[{"href":"https:\/\/www.labaiedeslivres.com\/index.php?rest_route=\/wp\/v2\/pages"}],"about":[{"href":"https:\/\/www.labaiedeslivres.com\/index.php?rest_route=\/wp\/v2\/types\/page"}],"author":[{"embeddable":true,"href":"https:\/\/www.labaiedeslivres.com\/index.php?rest_route=\/wp\/v2\/users\/1"}],"replies":[{"embeddable":true,"href":"https:\/\/www.labaiedeslivres.com\/index.php?rest_route=%2Fwp%2Fv2%2Fcomments&post=1566"}],"version-history":[{"count":17,"href":"https:\/\/www.labaiedeslivres.com\/index.php?rest_route=\/wp\/v2\/pages\/1566\/revisions"}],"predecessor-version":[{"id":5817,"href":"https:\/\/www.labaiedeslivres.com\/index.php?rest_route=\/wp\/v2\/pages\/1566\/revisions\/5817"}],"wp:attachment":[{"href":"https:\/\/www.labaiedeslivres.com\/index.php?rest_route=%2Fwp%2Fv2%2Fmedia&parent=1566"}],"curies":[{"name":"wp","href":"https:\/\/api.w.org\/{rel}","templated":true}]}}