{"id":1431,"date":"2014-06-06T15:16:04","date_gmt":"2014-06-06T14:16:04","guid":{"rendered":"http:\/\/www.labaiedeslivres.com\/?page_id=1431"},"modified":"2026-03-02T08:44:54","modified_gmt":"2026-03-02T07:44:54","slug":"telechargement","status":"publish","type":"page","link":"https:\/\/www.labaiedeslivres.com\/?page_id=1431","title":{"rendered":"T\u00e9l\u00e9chargements"},"content":{"rendered":"\n<h2 class=\"wp-block-heading\">Edition 2025<\/h2>\n\n\n\n<p>Le Bilan 2025 <a href=\"https:\/\/www.labaiedeslivres.com\/wp-content\/uploads\/2026\/03\/Bilan-2025.pdf\">ici<\/a><br \/>La Revue de presse 14\u00e8 \u00e9dition \u00e0<a href=\"https:\/\/www.labaiedeslivres.com\/wp-content\/uploads\/2025\/12\/Revue-2025.pdf\">t\u00e9l\u00e9charger ICI<\/a><br \/><a href=\"https:\/\/www.labaiedeslivres.com\/wp-content\/uploads\/2025\/10\/BDL-DEPLIANT-2025-3volets-BD.pdf\">Le d\u00e9pliant du programme 2025<\/a><\/p>\n\n\n\n<h2 class=\"wp-block-heading\">Visuels 2025 :<\/h2>\n\n\n\n<p>Bandeau pour <a href=\"https:\/\/www.labaiedeslivres.com\/wp-content\/uploads\/2025\/06\/BDL-BFACEBOOK-2025.png\">Facebook<\/a>&nbsp;ou pour un <a href=\"https:\/\/www.labaiedeslivres.com\/wp-content\/uploads\/2025\/06\/cropped-BDL-2025-SITE-317X70.png\">site internet<\/a><br \/>L&rsquo;affiche d&rsquo;apr\u00e8s une illustration originale d&rsquo;Anne Montel<br \/> pdf <a href=\"https:\/\/www.labaiedeslivres.com\/wp-content\/uploads\/2025\/06\/BDL-AFFICHE-DECAUX-2025-1.pdf\">en fran\u00e7ais<\/a> et en breton, en <a href=\"https:\/\/www.labaiedeslivres.com\/wp-content\/uploads\/2025\/10\/BDL-AFFICHE-40X60-20251-scaled.png\">jpeg fran\u00e7ais<\/a> et <a href=\"https:\/\/www.labaiedeslivres.com\/wp-content\/uploads\/2025\/10\/BDL-AFFICHE-40X60-2025-BZH1-scaled.png\">jpeg breton<\/a><br \/><strong><span style=\"color: #0000ff;\"><em>Communication: Norwest design<\/em><\/span><\/strong><\/p>\n\n\n\n<h2 class=\"wp-block-heading\">\u00c9tablissements scolaires :<\/h2>\n\n\n\n<p>Id\u00e9es de cr\u00e9ations pour le salon et de partenariats : <a href=\"https:\/\/www.labaiedeslivres.com\/wp-content\/uploads\/2025\/06\/Animations-edition-2025.pdf\">Animations<\/a><br \/><strong>Courrier<\/strong> adress\u00e9 aux \u00e9tablissements scolaires publics et aux sites bilingues du Pays de Morlaix : <br \/><a href=\"https:\/\/www.labaiedeslivres.com\/wp-content\/uploads\/2025\/05\/Lettre-etablissements-2025.pdf\">Courrier 2025<\/a><br \/>Fiche \u00e0 renvoyer et mode d&#8217;emploi<strong>&nbsp;:<\/strong> <a href=\"https:\/\/www.labaiedeslivres.com\/wp-content\/uploads\/2025\/05\/courrier-choix-auteurs-2025.pdf\">Courrier choix auteurs 2025&nbsp;<\/a><br \/>Pour le breton : <a href=\"https:\/\/www.labaiedeslivres.com\/wp-content\/uploads\/2025\/05\/Lizher-dibab-skrivagnerien-e-brezhoneg-Courrier-choix-auteurs-en-breton-2025.pdf\">Courrier En breton <\/a>et livres des auteurs brittophones <a href=\"https:\/\/www.labaiedeslivres.com\/wp-content\/uploads\/2025\/05\/livres-des-auteurs-brittophones-levriou-ar-vrezhonegerien-2025.pdf\">ici<\/a><br \/><a href=\"https:\/\/www.labaiedeslivres.com\/wp-content\/uploads\/2025\/05\/1-jour-1-projet.odt\">Appel \u00e0 projet <\/a>2025 \u00ab\u00a01 jour, 1 \u00e9cole\u00a0\u00bb<\/p>\n\n\n\n<h2 class=\"wp-block-heading\">M\u00e9diath\u00e8ques :<\/h2>\n\n\n\n<p>Leurs coups de c\u0153ur 2024 <a href=\"https:\/\/www.labaiedeslivres.com\/wp-content\/uploads\/2024\/10\/coup2coeur2024.pdf\">ici<\/a><\/p>\n","protected":false},"excerpt":{"rendered":"<p>Edition 2025 Le Bilan 2025 iciLa Revue de presse 14\u00e8 \u00e9dition \u00e0t\u00e9l\u00e9charger ICILe d\u00e9pliant du programme 2025 Visuels 2025 : Bandeau pour Facebook&nbsp;ou pour un site internetL&rsquo;affiche d&rsquo;apr\u00e8s une illustration originale d&rsquo;Anne Montel pdf en&#8230;<\/p>\n","protected":false},"author":1,"featured_media":0,"parent":0,"menu_order":0,"comment_status":"closed","ping_status":"closed","template":"","meta":{"footnotes":""},"class_list":["post-1431","page","type-page","status-publish","hentry"],"_links":{"self":[{"href":"https:\/\/www.labaiedeslivres.com\/index.php?rest_route=\/wp\/v2\/pages\/1431","targetHints":{"allow":["GET"]}}],"collection":[{"href":"https:\/\/www.labaiedeslivres.com\/index.php?rest_route=\/wp\/v2\/pages"}],"about":[{"href":"https:\/\/www.labaiedeslivres.com\/index.php?rest_route=\/wp\/v2\/types\/page"}],"author":[{"embeddable":true,"href":"https:\/\/www.labaiedeslivres.com\/index.php?rest_route=\/wp\/v2\/users\/1"}],"replies":[{"embeddable":true,"href":"https:\/\/www.labaiedeslivres.com\/index.php?rest_route=%2Fwp%2Fv2%2Fcomments&post=1431"}],"version-history":[{"count":168,"href":"https:\/\/www.labaiedeslivres.com\/index.php?rest_route=\/wp\/v2\/pages\/1431\/revisions"}],"predecessor-version":[{"id":6349,"href":"https:\/\/www.labaiedeslivres.com\/index.php?rest_route=\/wp\/v2\/pages\/1431\/revisions\/6349"}],"wp:attachment":[{"href":"https:\/\/www.labaiedeslivres.com\/index.php?rest_route=%2Fwp%2Fv2%2Fmedia&parent=1431"}],"curies":[{"name":"wp","href":"https:\/\/api.w.org\/{rel}","templated":true}]}}